{"id":306,"date":"2025-03-31T15:38:13","date_gmt":"2025-03-31T15:38:13","guid":{"rendered":"https:\/\/mexicanosactivos.org\/quema\/?page_id=306"},"modified":"2025-03-31T15:57:26","modified_gmt":"2025-03-31T15:57:26","slug":"aviso-de-privacidad","status":"publish","type":"page","link":"https:\/\/mexicanosactivos.org\/quema\/aviso-de-privacidad\/","title":{"rendered":"aviso-de-privacidad"},"content":{"rendered":"\t\t<div data-elementor-type=\"wp-page\" data-elementor-id=\"306\" class=\"elementor elementor-306\" data-elementor-post-type=\"page\">\n\t\t\t\t<div class=\"elementor-element elementor-element-77ba91d4 e-flex e-con-boxed e-con e-parent\" data-id=\"77ba91d4\" data-element_type=\"container\">\n\t\t\t\t\t<div class=\"e-con-inner\">\n\t\t<div class=\"elementor-element elementor-element-4b97efab e-con-full e-flex e-con e-child\" data-id=\"4b97efab\" data-element_type=\"container\">\n\t\t\t\t<div class=\"elementor-element elementor-element-5124d5f5 elementor-widget__width-auto elementor-absolute elementor-view-default elementor-widget elementor-widget-icon\" data-id=\"5124d5f5\" data-element_type=\"widget\" data-settings=\"{&quot;_position&quot;:&quot;absolute&quot;}\" data-widget_type=\"icon.default\">\n\t\t\t\t<div class=\"elementor-widget-container\">\n\t\t\t\t\t\t\t<div class=\"elementor-icon-wrapper\">\n\t\t\t<div class=\"elementor-icon\">\n\t\t\t<svg xmlns=\"http:\/\/www.w3.org\/2000\/svg\" id=\"bd9a937a-60f3-4c44-ad7c-dcb28e2de4ed\" data-name=\"Layer 1\" width=\"1216\" height=\"1216\" viewBox=\"0 0 1216 1216\"><g id=\"a8d78863-61ea-4b6b-9902-1eb669df0752\" data-name=\"Design\"><path id=\"bb8d365d-81e6-4e2d-abba-4e6b80f1088f\" data-name=\"Oval\" d=\"M608,0C272.2109,0,0,272.2109,0,608s272.2109,608,608,608,608-272.2109,608-608S943.7891,0,608,0Zm0,80c291.6063,0,528,236.3936,528,528s-236.3937,528-528,528S80,899.6063,80,608,316.3936,80,608,80Z\"><\/path><\/g><\/svg>\t\t\t<\/div>\n\t\t<\/div>\n\t\t\t\t\t\t<\/div>\n\t\t\t\t<\/div>\n\t\t\t\t<\/div>\n\t\t<div class=\"elementor-element elementor-element-8d9e794 e-con-full e-flex e-con e-child\" data-id=\"8d9e794\" data-element_type=\"container\">\n\t\t\t\t<div class=\"elementor-element elementor-element-489e848d elementor-widget elementor-widget-heading\" data-id=\"489e848d\" data-element_type=\"widget\" data-widget_type=\"heading.default\">\n\t\t\t\t<div class=\"elementor-widget-container\">\n\t\t\t\t\t<h1 class=\"elementor-heading-title elementor-size-default\">Aviso\n<br>de privacidad<\/h1>\t\t\t\t<\/div>\n\t\t\t\t<\/div>\n\t\t<div class=\"elementor-element elementor-element-62a3a766 e-con-full e-flex e-con e-child\" data-id=\"62a3a766\" data-element_type=\"container\">\n\t\t\t\t<div class=\"elementor-element elementor-element-7194b03c elementor-widget elementor-widget-heading\" data-id=\"7194b03c\" data-element_type=\"widget\" data-widget_type=\"heading.default\">\n\t\t\t\t<div class=\"elementor-widget-container\">\n\t\t\t\t\t<h2 class=\"elementor-heading-title elementor-size-default\">QUEREMOS MEXICANOS ACTIVOS, ASOCIACI\u00d3N CIVIL<\/h2>\t\t\t\t<\/div>\n\t\t\t\t<\/div>\n\t\t\t\t<div class=\"elementor-element elementor-element-bcccf47 elementor-widget elementor-widget-text-editor\" data-id=\"bcccf47\" data-element_type=\"widget\" data-widget_type=\"text-editor.default\">\n\t\t\t\t<div class=\"elementor-widget-container\">\n\t\t\t\t\t\t\t\t\t<p><strong>QUEREMOS MEXICANOS ACTIVOS ASOCIACI\u00d3N CIVIL<\/strong>.,&nbsp;y\/o sus empresas<br>asociadas, afiliadas y subsidiarias (\u201c<b>QUEMA<\/b>\u201d), con domicilio en:<br>Av. Javier Barros Sierra 540-Torre 1, Piso 5, Oficina 5030, Santa Fe, Zedec Sta F\u00e9, \u00c1lvaro Obreg\u00f3n, 01210 Ciudad de M\u00e9xico, CDMX, es responsable de recabar sus datos personales, incluyendo: datos personales de identificaci\u00f3n: (i) nombre completo; (ii) domicilio; (iii) tel\u00e9fono; (iv) correo electr\u00f3nico; y\/o (v) datos financieros, ya sea en las p\u00e1ginas web de&nbsp;<b>QUEMA<\/b>&nbsp;o a trav\u00e9s de cualquier otro medio autorizado por&nbsp;<b>QUEMA<\/b>&nbsp;le comunicamos por este medio, que&nbsp;<b>QUEMA<\/b>&nbsp;es el \u00fanico responsable del tratamiento, uso, almacenamiento y\/o divulgaci\u00f3n, tratamiento y adecuada protecci\u00f3n de sus datos personales conforme a lo establecido en la Ley de la materia y el presente Aviso de Privacidad.<\/p>\n<p>Los sitios, programas y\/o servicios que ofrezca&nbsp;<b>QUEMA<\/b>&nbsp;tienen la finalidad de garantizar, recopilar, mantener y proteger la privacidad de la informaci\u00f3n personal sobre los suscriptores, visitantes, clientes, proveedores, usuarios y cualquier otra persona interesada en los servicios de&nbsp;<b>QUEMA<\/b>&nbsp;(los \u201cUsuarios\u201d), de conformidad con este Aviso de Privacidad, as\u00ed como con las leyes, reglamentos y dem\u00e1s normatividad aplicable.<\/p>\n<p>Este&nbsp;<b>Aviso de Privacidad<\/b>&nbsp;aplica a informaci\u00f3n personal recopilada a trav\u00e9s de los recursos y comunicaciones de&nbsp;<b>QUEMA<\/b>&nbsp;en l\u00ednea o en forma impresa como contratos, formatos, circulares, avisos, incluyendo el Sitio, correo electr\u00f3nico y otras herramientas en l\u00ednea.<\/p>\n<p>Este<b>&nbsp;Aviso de Privacidad<\/b>&nbsp;no aplica a informaci\u00f3n personal recopilada por los recursos de terceros en l\u00ednea con los cuales pueden tener un v\u00ednculo los sitios de Internet de&nbsp;<b>QUEMA<\/b>, en lo que este \u00faltimo no controle el contenido o las pr\u00e1cticas de privacidad de dichos recursos.&nbsp;<b>QUEMA<\/b>&nbsp;s\u00f3lo recopila informaci\u00f3n personalmente, identificable sobre los visitantes del Sitio, programas y\/o servicios otorgados por&nbsp;<b>QUEMA,<\/b>&nbsp;si los visitantes as\u00ed lo eligen.<\/p>\n<p><b>Protecci\u00f3n de Datos Personales. \u2013<\/b>&nbsp;En cumplimiento con lo establecido en la Ley Federal de Protecci\u00f3n de Datos Personales en Posesi\u00f3n de los Particulares, publicada en el Diario Oficial de la Federaci\u00f3n el 5 de Julio de 2010, su Reglamento y\/o Lineamientos aplicables (en lo sucesivo la \u201cLey\u201d), y con la finalidad de garantizar la privacidad de nuestros Usuarios en compartir sus datos personales, le informamos lo siguiente:<\/p>\n<p>Los datos personales de nuestros Usuarios, ser\u00e1n utilizados para los siguientes fines: Para ser contactado v\u00eda correo electr\u00f3nico, por escrito, por tel\u00e9fono, por mensaje de texto o cualquier otro medio, ya sea f\u00edsico o electr\u00f3nico del que se disponga y enviar informaci\u00f3n a fin de dar seguimiento a sus peticiones, sugerencias, reclamaciones y\/o cualquier otra solicitud o para realizar acciones de actualizaciones t\u00e9cnicas de los productos o servicios que hubiese adquirido, para crear una relaci\u00f3n comercial, dar seguimiento y mantener comunicaci\u00f3n en general.<\/p>\n<p>Para identificar, ubicar, comunicar, contactar, enviar informaci\u00f3n y\/o mercanc\u00eda a los<br>Usuarios. \u2013&nbsp;De igual forma, la informaci\u00f3n proporcionada por los Usuarios podr\u00e1 ser<br>tambi\u00e9n utilizada para diferentes fines de Recursos Humanos (manejo de desempe\u00f1o,&nbsp;decisiones de sucesi\u00f3n o acciones de desarrollo, entre otras), Mercadot\u00e9cnicos,&nbsp;Publicitarios o de Prospecci\u00f3n Comercial, los cuales servir\u00e1n para entender mejor sus&nbsp;necesidades y la manera en que podemos mejorar nuestros servicios, as\u00ed como para&nbsp;personalizar ciertas comunicaciones con los Usuarios sobre servicios y promociones que&nbsp;los mismos pueden encontrar interesantes.<\/p>\n<p>En caso de que los datos personales del Usuario no hayan sido obtenidos de manera directa por el titular de dichos datos, este \u00faltimo tendr\u00e1 un plazo m\u00e1ximo de 5 (cinco) d\u00edas h\u00e1biles para que pueda manifestar su negativa para el tratamiento de sus datos personales con respecto al p\u00e1rrafo anterior, teniendo a salvo los medios para ejercer sus&nbsp;<b>derechos ARCO,<\/b>&nbsp;los cuales se mencionan en el presente Aviso.<\/p>\n<p><b>Transferencia de los datos personales.&nbsp;<\/b>\u2013&nbsp;Los datos personales recabados por&nbsp;<b>QUEMA<\/b>, podr\u00e1n ser cedidos, vendidos, compartidos o transferidos a un tercero con quien&nbsp;<b>QUEMA&nbsp;<\/b>tenga alguna relaci\u00f3n comercial, incluyendo de manera enunciativa m\u00e1s no limitativa, en los siguientes casos en que sea requerida:<br>1.- Autoridades Fiscales: Para el cumplimiento de las obligaciones fiscales;<br>2.- Autoridades Gubernamentales, Administrativas y\/o Judiciales: Para la realizaci\u00f3n de procedimientos legales, auditor\u00edas o juicios correspondientes;<br>3.- Instituciones Bancarias: Para realizar en caso de ser aplicable, el cobro de nuestros servicios a trav\u00e9s de su tarjeta o realizar pagos mediante transacciones electr\u00f3nicas;<br>4.- Empleados, Asesores, Afiliadas, Proveedores: Para la realizaci\u00f3n de las actividades diarias de&nbsp;<b>QUEMA<\/b>&nbsp;para llevar a cabo el servicio solicitado por el Usuario; y<br>5.- Terceros: Para el env\u00edo de publicidad de los Terceros con quien&nbsp;<b>QUEMA<\/b>&nbsp;tenga alguna relaci\u00f3n comercial.<\/p>\n<p>En caso de que el Usuario no acepte que sus datos personales sean transmitan a un Tercero, deber\u00e1 enviar un correo electr\u00f3nico indicando que se opone a dicha transferencia tal y como se detalla en el siguiente punto.<\/p>\n<p>Medios para ejercer los&nbsp;<b>derechos ARCO<\/b>. El Usuario, en relaci\u00f3n con sus datos<br>personales, podr\u00e1 ejercer sus derechos de accesar a sus datos personales que&nbsp;<b>QUEMA&nbsp;<\/b>posee, rectificar sus datos personales cuando sean inexactos o incompletos, cancelar sus datos personales cuando considere que son excesivos o innecesarios para las finalidades del tratamiento o haya finalizado la relaci\u00f3n contractual o de servicio u oponerse a<br>proporcionar sus datos personales para los fines aqu\u00ed mencionados, as\u00ed como revocar su consentimiento para el tratamiento de sus datos personales, a fin de que<b>&nbsp;QUEMA<\/b>&nbsp;deje de hacer uso de los mismos. Lo anterior lo podr\u00e1 realizar el Usuario a trav\u00e9s de una solicitud por escrito dirigida a&nbsp;<b>QUEMA<\/b>, la cual podr\u00e1 presentarse a trav\u00e9s de las siguientes opciones:<\/p>\n<p>a) Mediante correo electr\u00f3nico:&nbsp;<b>mlopez@mexicanosactivos.org<\/b>, en la cual el<br>Usuario tendr\u00e1 que acreditar su identidad mediante el env\u00edo de:<br>a.1) Fotocopia de cualquier identificaci\u00f3n oficial (credencial de elector, pasaporte, cartilla militar o c\u00e9dula profesional); o En caso de actuar en representaci\u00f3n de un tercero, deber\u00e1 presentar copia de la escritura p\u00fablica del poder o carta poder simple otorgada al representante legal del Usuario, seg\u00fan corresponda, as\u00ed como su identificaci\u00f3n correspondiente;<br>b) Sea(n) entregado(s) directamente en el domicilio de&nbsp;<b>QUEMA<\/b>, Av. Javier Barros Sierra 540-Torre 1, Piso 5, Oficina 5030, Santa Fe, Zedec Sta F\u00e9, \u00c1lvaro Obreg\u00f3n, 01210 Ciudad de M\u00e9xico, CDMX, de Lunes a Viernes de 9:00 a 18:00 horas, con la acreditaci\u00f3n correspondiente mencionada en el inciso a) anterior.<\/p>\n<p>Asimismo,&nbsp;<b>QUEMA<\/b>&nbsp;tiene un plazo m\u00e1ximo de 20 (veinte) d\u00edas naturales, contados a partir de la fecha en que recibi\u00f3 la solicitud de acceso, rectificaci\u00f3n, cancelaci\u00f3n u oposici\u00f3n, para comunicarle al Usuario a trav\u00e9s del mismo medio en que recibi\u00f3 la solicitud, si se acepta o no la misma, y en caso de que as\u00ed sea,&nbsp;<b>QUEMA<\/b>&nbsp;tiene un plazo de 15 (quince) d\u00edas naturales siguientes a la fecha en que se comunic\u00f3 la respuesta al Usuario, para realizar las modificaciones correspondientes o entregar copia simple de la informaci\u00f3n solicitada. Los plazos antes mencionados podr\u00e1n ser ampliados una sola vez por un periodo igual, siempre y cuando as\u00ed&nbsp;<b>QUEMA<\/b>&nbsp;lo justifique y conforme a lo establecido en el art\u00edculo 32 de la Ley.<br>De igual forma,&nbsp;<b>QUEMA&nbsp;<\/b>podr\u00e1 negar el acceso, rectificaci\u00f3n, cancelaci\u00f3n u oposici\u00f3n a los datos personales del Usuario, cuando:<\/p>\n<p>1) El Usuario no sea el titular de los datos personales, o el representante legal no est\u00e9 debidamente acreditado para ello;<br>2) Cuando en su base de datos, no se encuentren los datos personales del solicitante;<br>3) Cuando se lesionen los derechos de un tercero;<br>4) Cuando exista un impedimento legal, o la resoluci\u00f3n de una autoridad competente, que restrinja el acceso a los datos personales del Usuario, o no permita la rectificaci\u00f3n, cancelaci\u00f3n u oposici\u00f3n de los mismos, y<br>5) Cuando la rectificaci\u00f3n, cancelaci\u00f3n u oposici\u00f3n haya sido previamente realizada. En todos los casos anteriores,&nbsp;<b>QUEMA&nbsp;<\/b>informar\u00e1 al Usuario o al representante legal, seg\u00fan sea el caso, el motivo de su decisi\u00f3n por el mismo medio por el que se llev\u00f3 a cabo la solicitud, acompa\u00f1ando, en su caso, las pruebas que resulten pertinentes.<\/p>\n<p><b>Mecanismos y Procedimientos para la Revocaci\u00f3n del Consentimiento.&nbsp;<\/b>\u2013 Para el caso de que el Usuario quisiera revocar su consentimiento para el tratamiento de sus datos personales, deber\u00e1 seguir los pasos establecidos anteriormente, referente a los medios para ejercer sus&nbsp;<b>derechos ARCO&nbsp;<\/b>y el tiempo de respuesta por parte de&nbsp;<b>QUEMA<\/b>, ser\u00e1 conforme a lo establecido en el p\u00e1rrafo anterior.<\/p>\n<p><b>Medidas de seguridad. \u2013&nbsp;QUEMA<\/b>&nbsp;garantiza en este acto que los datos personales del Usuario se almacenar\u00e1n en las bases de datos de&nbsp;<b>QUEMA<\/b>, las cuales permanecer\u00e1n durante el periodo necesario para cumplir con la finalidad espec\u00edfica para los cuales fueron recabados y de acuerdo a lo establecido en la Ley, siento el Usuario el \u00fanico responsable de la veracidad de los datos que proporciona.&nbsp;<b>QUEMA<\/b>&nbsp;utiliza precauciones de tecnolog\u00eda, reglas y otros procedimientos de seguridad para proteger sus datos personales contra accesos no autorizados, mal uso, divulgaci\u00f3n, p\u00e9rdida o destrucci\u00f3n. Para asegurar la confidencialidad de sus datos,<b>&nbsp;QUEMA<\/b>&nbsp;tambi\u00e9n utiliza la protecci\u00f3n est\u00e1ndar de la industria con firewalls y contrase\u00f1as. Sin embargo, es responsabilidad del Usuario asegurarse que la computadora que est\u00e1 utilizando est\u00e9 asegurada y protegida adecuadamente contra software malicioso, como virus trojan, virus de c\u00f3mputo y programas de gusanos. El Usuario est\u00e1 enterado de que sin medidas de seguridad adecuadas (por ejemplo, configuraci\u00f3n segura del browser web, software antivirus actualizado, software firewall personal, no usar software de fuentes dudosas) existe un riesgo de que los datos y contrase\u00f1as que el Usuario utiliza para proteger el acceso a sus datos, podr\u00edan ser descubiertos por terceros no autorizados.<\/p>\n<p><b>Nota para Usuarios de Sitios de Internet de Negocios o Profesionales.&nbsp;<\/b>\u2013 Si el Usuario tiene una relaci\u00f3n de negocios o profesional con&nbsp;<b>QUEMA<\/b>, podemos utilizar la informaci\u00f3n que el Usuario proporciona en nuestros sitios, incluyendo el Sitio y sitios espec\u00edficamente&nbsp;dedicados a usuarios de negocios y profesionales, para satisfacer sus solicitudes y&nbsp;desarrollar nuestra relaci\u00f3n de negocios con el Usuario y las entidades que este \u00faltimo&nbsp;representa. Tambi\u00e9n podemos compartir dicha informaci\u00f3n con terceros que act\u00faan en&nbsp;nuestra representaci\u00f3n.<\/p>\n<p><b>Opciones del Usuario. \u2013&nbsp;<\/b>El Usuario tiene varias opciones referentes al uso de nuestros sitios de Internet, incluyendo el Sitio. El Usuario deber\u00e1 proporcionar informaci\u00f3n personalmente identificable para entrar a las formas o campos de datos de nuestros sitios, incluyendo el Sitio y as\u00ed poder utilizar los servicios personalizados disponibles. Si el Usuario proporciona sus datos personales, tiene derecho a ver y a corregir sus datos en cualquier momento accesando a la aplicaci\u00f3n que corresponda. Determinados sitios pueden solicitar el permiso del Usuario para ciertos usos de su informaci\u00f3n y el Usuario puede aceptar o rechazar esos usos.<\/p>\n<p><b>Datos de menores de edad o incapaces. \u2013<\/b>&nbsp;En caso de que pudieran recabarse datos de menores de edad o incapaces en funci\u00f3n de la informaci\u00f3n que hubiera sido proporcionada respecto a su edad o a\u00f1o de nacimiento por el propio usuario,&nbsp;<b>\u201cQUEMA\u201d<\/b>&nbsp;har\u00e1 sus mejores esfuerzos para no utilizar estos datos para fines inadecuados para la edad del menor o en relaci\u00f3n con el incapaz. En todo caso,&nbsp;<b>\u201cQUEMA\u201d&nbsp;<\/b>garantiza que gestionar\u00e1 las solicitudes derivadas del ejercicio de los derechos de acceso, cancelaci\u00f3n, rectificaci\u00f3n y oposici\u00f3n de los datos de los menores o incapaces por los padres o tutores.<\/p>\n<p><b>Informaci\u00f3n Recopilada Autom\u00e1ticamente.-<\/b>&nbsp;Recibimos autom\u00e1ticamente cierto tipo de informaci\u00f3n cuando el Usuario interact\u00faa con nosotros en el Sitio y en los correos electr\u00f3nicos que podemos enviarnos mutuamente. Las tecnolog\u00edas autom\u00e1ticas que utilizamos pueden incluir, por ejemplo, domicilios logs\/IP del servidor de Internet, cookies<br>y web beacons.<br>1) Domicilios Logs\/IP del Servidor de Internet:<br>Una direcci\u00f3n IP es un n\u00famero asignado a la computadora de cualquier usuario siempre que el usuario utiliza Internet. Toda la identificaci\u00f3n de computadoras en la Internet se conduce con direcciones IP, lo cual permite que las computadoras y servidores se reconozcan y comuniquen entre s\u00ed.<\/p>\n<p><b>QUEMA&nbsp;<\/b>recopila direcciones IP para llevar a cabo la administraci\u00f3n del sistema y reportar informaci\u00f3n global a socios de negocios y\/o proveedores para realizar an\u00e1lisis de los sitios y revisar el desempe\u00f1o del Sitio;<\/p>\n<p>2) Cookies. Un cookie es un fragmento de informaci\u00f3n<br>que es colocada autom\u00e1ticamente en el disco duro de su computadora cuando accesa ciertos sitios de Internet. El cookie \u00fanicamente identifica su browser para el servidor. Los cookies nos permiten almacenar informaci\u00f3n en el servidor para ayudar a que la experiencia de Internet sea mejor para el Usuario y para realizar an\u00e1lisis del Sitio y revisar el desempe\u00f1o del mismo. La mayor\u00eda de los browsers de Internet est\u00e1n configurados para aceptar cookies, aunque puede reiniciar su browser para rechazar todos los cookies o para indicar cuando le est\u00e9n enviando un cookie. Sin embargo, se debe se\u00f1alar que es posible que algunas porciones de nuestros sitios, incluyendo el Sitio, no trabajen apropiadamente si el Usuario rechaza los cookies; 3) Web Beacons. En determinadas p\u00e1ginas de Internet o correo electr\u00f3nico,&nbsp;<b>QUEMA<\/b>&nbsp;puede utilizar una tecnolog\u00eda com\u00fan en Internet llamada web beacons (tambi\u00e9n conocida como action tag o clear GIF technology). Los web beacons ayudan a analizar la eficacia de los sitios de Internet midiendo, por ejemplo, el n\u00famero de Usuarios en un sitio o la cantidad de Usuarios que seleccionaron elementos clave de un sitio. Los web beacons, cookies y otras tecnolog\u00edas de rastreo no obtienen autom\u00e1ticamente informaci\u00f3n personalmente identificable sobre el Usuario. S\u00f3lo cuando el Usuario&nbsp;proporciona voluntariamente informaci\u00f3n personalmente identificable, como cuando se&nbsp;registra o env\u00eda e-mails, es que se pueden utilizar estas tecnolog\u00edas de rastreo autom\u00e1tico&nbsp;para proporcionar mayor informaci\u00f3n sobre el uso que el Usuario hace de los sitios de&nbsp;Internet y\/o e-mails interactivos para mejorar su utilidad.<\/p>\n<p><b>Autoridad encargada de la Protecci\u00f3n de sus Datos.-&nbsp;<\/b>Si considera que su derecho a la protecci\u00f3n de sus datos personales ha sido vulnerado o lesionado por alguna conducta u omisi\u00f3n por parte de&nbsp;<b>QUEMA<\/b>, o presume alguna violaci\u00f3n a las disposiciones previstas en la Ley, podr\u00e1 interponer su inconformidad o denuncia ante el Instituto Nacional de Transparencia, Acceso a la Informaci\u00f3n y Protecci\u00f3n de Datos Personales (INAI). Para mayores informes, visite su p\u00e1gina web:&nbsp;<b>www.inai.org.mx.<br><\/b><br><b>Modificaciones al Aviso de Privacidad.-<\/b>&nbsp;De igual forma,&nbsp;<b>QUEMA<\/b>&nbsp;se reserva el derecho de efectuar en cualquier momento modificaciones o actualizaciones al presente Aviso de Privacidad, derivado de cualquier reforma o modificaci\u00f3n de la Ley, por pol\u00edtica interna o por alg\u00fan requerimiento para la prestaci\u00f3n de nuestros servicios, en cuyo caso lo podr\u00e1n verificar en el presente Aviso de Privacidad en este el sitio&nbsp;<b>www.mexicanosactivos.org<\/b><\/p>\n<p>Si el Usuario contin\u00faa utilizando nuestros sitios y\/o servicios, incluyendo el Sitio, dicha conducta indica que el Usuario acepta el uso de la informaci\u00f3n reci\u00e9n proporcionada de conformidad con el presente Aviso de Privacidad.<\/p>\n<p>Si usted tiene cualquier duda acerca de nuestras pr\u00e1cticas de privacidad y protecci\u00f3n de datos personales le sugerimos nos contacte a trav\u00e9s de la direcci\u00f3n de correo electr\u00f3nico:&nbsp;<b>mlopez@mexicanosactivos.org<\/b><\/p>\t\t\t\t\t\t\t\t<\/div>\n\t\t\t\t<\/div>\n\t\t\t\t<\/div>\n\t\t\t\t<\/div>\n\t\t\t\t\t<\/div>\n\t\t\t\t<\/div>\n\t\t\t\t<\/div>\n\t\t","protected":false},"excerpt":{"rendered":"<p>Aviso de privacidad QUEREMOS MEXICANOS ACTIVOS, ASOCIACI\u00d3N CIVIL QUEREMOS MEXICANOS ACTIVOS ASOCIACI\u00d3N CIVIL.,&nbsp;y\/o sus empresasasociadas, afiliadas y subsidiarias (\u201cQUEMA\u201d), con domicilio en:Av. Javier Barros Sierra 540-Torre 1, Piso 5, Oficina 5030, Santa Fe, Zedec Sta F\u00e9, \u00c1lvaro Obreg\u00f3n, 01210 Ciudad de M\u00e9xico, CDMX, es responsable de recabar sus datos personales, incluyendo: datos personales de identificaci\u00f3n: [&hellip;]<\/p>\n","protected":false},"author":1,"featured_media":0,"parent":0,"menu_order":0,"comment_status":"closed","ping_status":"closed","template":"elementor_header_footer","meta":{"pagelayer_contact_templates":[],"_pagelayer_content":"","footnotes":""},"class_list":["post-306","page","type-page","status-publish","hentry"],"_links":{"self":[{"href":"https:\/\/mexicanosactivos.org\/quema\/wp-json\/wp\/v2\/pages\/306","targetHints":{"allow":["GET"]}}],"collection":[{"href":"https:\/\/mexicanosactivos.org\/quema\/wp-json\/wp\/v2\/pages"}],"about":[{"href":"https:\/\/mexicanosactivos.org\/quema\/wp-json\/wp\/v2\/types\/page"}],"author":[{"embeddable":true,"href":"https:\/\/mexicanosactivos.org\/quema\/wp-json\/wp\/v2\/users\/1"}],"replies":[{"embeddable":true,"href":"https:\/\/mexicanosactivos.org\/quema\/wp-json\/wp\/v2\/comments?post=306"}],"version-history":[{"count":13,"href":"https:\/\/mexicanosactivos.org\/quema\/wp-json\/wp\/v2\/pages\/306\/revisions"}],"predecessor-version":[{"id":319,"href":"https:\/\/mexicanosactivos.org\/quema\/wp-json\/wp\/v2\/pages\/306\/revisions\/319"}],"wp:attachment":[{"href":"https:\/\/mexicanosactivos.org\/quema\/wp-json\/wp\/v2\/media?parent=306"}],"curies":[{"name":"wp","href":"https:\/\/api.w.org\/{rel}","templated":true}]}}